{"id":330,"date":"2018-08-13T11:22:30","date_gmt":"2018-08-13T16:22:30","guid":{"rendered":"https:\/\/pabsp.com\/anagardeazabal\/?page_id=2"},"modified":"2026-02-04T17:34:42","modified_gmt":"2026-02-04T22:34:42","slug":"about","status":"publish","type":"page","link":"https:\/\/pabsp.com\/anagardeazabal\/about\/","title":{"rendered":"Qui\u00e9nes somos"},"content":{"rendered":"<h3 style=\"text-align: center;\" data-path-to-node=\"4\"><\/h3>\n<p>&nbsp;<\/p>\n<h3 style=\"text-align: center;\" data-path-to-node=\"4\"><a href=\"https:\/\/pabsp.com\/anagardeazabal\/wp-content\/uploads\/2026\/02\/Gemini_Generated_Image_swlto2swlto2swlt-e1770244373361.png\"><img loading=\"lazy\" decoding=\"async\" class=\"alignnone wp-image-1067\" src=\"https:\/\/pabsp.com\/anagardeazabal\/wp-content\/uploads\/2026\/02\/Gemini_Generated_Image_swlto2swlto2swlt-e1770244373361-300x169.png\" alt=\"\" width=\"546\" height=\"308\" srcset=\"https:\/\/pabsp.com\/anagardeazabal\/wp-content\/uploads\/2026\/02\/Gemini_Generated_Image_swlto2swlto2swlt-e1770244373361-300x169.png 300w, https:\/\/pabsp.com\/anagardeazabal\/wp-content\/uploads\/2026\/02\/Gemini_Generated_Image_swlto2swlto2swlt-e1770244373361-768x433.png 768w, https:\/\/pabsp.com\/anagardeazabal\/wp-content\/uploads\/2026\/02\/Gemini_Generated_Image_swlto2swlto2swlt-e1770244373361-600x338.png 600w, https:\/\/pabsp.com\/anagardeazabal\/wp-content\/uploads\/2026\/02\/Gemini_Generated_Image_swlto2swlto2swlt-e1770244373361.png 1024w\" sizes=\"auto, (max-width: 546px) 100vw, 546px\" \/><\/a><\/h3>\n<p>&nbsp;<\/p>\n<h3 data-path-to-node=\"4\"><b data-path-to-node=\"4\" data-index-in-node=\"0\">Nuestra Historia: El Coraz\u00f3n detr\u00e1s de la Plata<\/b><\/h3>\n<p data-path-to-node=\"5\">En <strong>Ana Gardeazabal Joyas<\/strong>, creemos que una joya no es solo un accesorio, sino un reflejo de una historia, un momento o un sentimiento. Con base en la vibrante ciudad de <b data-path-to-node=\"5\" data-index-in-node=\"169\">Bogot\u00e1<\/b>, llevamos <b data-path-to-node=\"5\" data-index-in-node=\"186\">7 a\u00f1os<\/b> transformando la plata en piezas con alma, dedic\u00e1ndonos con pasi\u00f3n al arte de la joyer\u00eda artesanal.<\/p>\n<h3 data-path-to-node=\"6\"><b data-path-to-node=\"6\" data-index-in-node=\"0\">Maestr\u00eda en Cada Detalle<\/b><\/h3>\n<p data-path-to-node=\"7\">Nuestra esencia reside en lo <b data-path-to-node=\"7\" data-index-in-node=\"29\">hecho a mano<\/b>. La mayor\u00eda de nuestras colecciones son trabajadas de forma individual, respetando los procesos tradicionales para garantizar que cada par de pendientes, cadena o anillo tenga ese car\u00e1cter \u00fanico que solo el toque humano puede brindar. Elegimos la plata como nuestro lienzo principal por su brillo eterno y su versatilidad para acompa\u00f1arte en el d\u00eda a d\u00eda.<\/p>\n<h3 data-path-to-node=\"8\"><b data-path-to-node=\"8\" data-index-in-node=\"0\">Piezas Tan \u00danicas como T\u00fa<\/b><\/h3>\n<p data-path-to-node=\"9\">Entendemos que hay ideas que merecen ser materializadas de forma exclusiva. Por eso, nos especializamos en <b data-path-to-node=\"9\" data-index-in-node=\"107\">joyer\u00eda personalizada<\/b>. Trabajamos de la mano contigo para dar vida a esos dise\u00f1os especiales, convirtiendo tus inspiraciones en tesoros de plata que perdurar\u00e1n por generaciones.<\/p>\n<p data-path-to-node=\"10\"><b data-path-to-node=\"10\" data-index-in-node=\"0\">Siete a\u00f1os de experiencia<\/b> respaldan nuestro compromiso con la calidad, el dise\u00f1o local y, sobre todo, con la satisfacci\u00f3n de quienes eligen llevar una parte de nuestro taller con ellos.<\/p>\n<p data-path-to-node=\"10\">Te invitamos a descubrir nuestra colecci\u00f3n y a crear juntos tu pr\u00f3xima pieza favorita!<\/p>\n","protected":false},"excerpt":{"rendered":"<p>&nbsp; &nbsp; Nuestra Historia: El Coraz\u00f3n detr\u00e1s de la Plata En Ana Gardeazabal Joyas, creemos que una joya no es solo un accesorio, sino un reflejo de una historia, un momento o un sentimiento. Con base en la vibrante ciudad de Bogot\u00e1, llevamos 7 a\u00f1os transformando la plata en piezas con alma, dedic\u00e1ndonos con pasi\u00f3n [&hellip;]<\/p>\n","protected":false},"author":2,"featured_media":0,"parent":0,"menu_order":0,"comment_status":"closed","ping_status":"closed","template":"","meta":{"site-sidebar-layout":"default","site-content-layout":"default","ast-site-content-layout":"default","site-content-style":"default","site-sidebar-style":"default","ast-global-header-display":"","ast-banner-title-visibility":"","ast-main-header-display":"","ast-hfb-above-header-display":"","ast-hfb-below-header-display":"","ast-hfb-mobile-header-display":"","site-post-title":"","ast-breadcrumbs-content":"","ast-featured-img":"","footer-sml-layout":"","ast-disable-related-posts":"","theme-transparent-header-meta":"default","adv-header-id-meta":"","stick-header-meta":"","header-above-stick-meta":"","header-main-stick-meta":"","header-below-stick-meta":"","astra-migrate-meta-layouts":"set","ast-page-background-enabled":"default","ast-page-background-meta":{"desktop":{"background-color":"var(--ast-global-color-4)","background-image":"","background-repeat":"repeat","background-position":"center center","background-size":"auto","background-attachment":"scroll","background-type":"","background-media":"","overlay-type":"","overlay-color":"","overlay-opacity":"","overlay-gradient":""},"tablet":{"background-color":"","background-image":"","background-repeat":"repeat","background-position":"center center","background-size":"auto","background-attachment":"scroll","background-type":"","background-media":"","overlay-type":"","overlay-color":"","overlay-opacity":"","overlay-gradient":""},"mobile":{"background-color":"","background-image":"","background-repeat":"repeat","background-position":"center center","background-size":"auto","background-attachment":"scroll","background-type":"","background-media":"","overlay-type":"","overlay-color":"","overlay-opacity":"","overlay-gradient":""}},"ast-content-background-meta":{"desktop":{"background-color":"var(--ast-global-color-5)","background-image":"","background-repeat":"repeat","background-position":"center center","background-size":"auto","background-attachment":"scroll","background-type":"","background-media":"","overlay-type":"","overlay-color":"","overlay-opacity":"","overlay-gradient":""},"tablet":{"background-color":"var(--ast-global-color-5)","background-image":"","background-repeat":"repeat","background-position":"center center","background-size":"auto","background-attachment":"scroll","background-type":"","background-media":"","overlay-type":"","overlay-color":"","overlay-opacity":"","overlay-gradient":""},"mobile":{"background-color":"var(--ast-global-color-5)","background-image":"","background-repeat":"repeat","background-position":"center center","background-size":"auto","background-attachment":"scroll","background-type":"","background-media":"","overlay-type":"","overlay-color":"","overlay-opacity":"","overlay-gradient":""}},"footnotes":""},"class_list":["post-330","page","type-page","status-publish","hentry"],"_links":{"self":[{"href":"https:\/\/pabsp.com\/anagardeazabal\/wp-json\/wp\/v2\/pages\/330","targetHints":{"allow":["GET"]}}],"collection":[{"href":"https:\/\/pabsp.com\/anagardeazabal\/wp-json\/wp\/v2\/pages"}],"about":[{"href":"https:\/\/pabsp.com\/anagardeazabal\/wp-json\/wp\/v2\/types\/page"}],"author":[{"embeddable":true,"href":"https:\/\/pabsp.com\/anagardeazabal\/wp-json\/wp\/v2\/users\/2"}],"replies":[{"embeddable":true,"href":"https:\/\/pabsp.com\/anagardeazabal\/wp-json\/wp\/v2\/comments?post=330"}],"version-history":[{"count":12,"href":"https:\/\/pabsp.com\/anagardeazabal\/wp-json\/wp\/v2\/pages\/330\/revisions"}],"predecessor-version":[{"id":1069,"href":"https:\/\/pabsp.com\/anagardeazabal\/wp-json\/wp\/v2\/pages\/330\/revisions\/1069"}],"wp:attachment":[{"href":"https:\/\/pabsp.com\/anagardeazabal\/wp-json\/wp\/v2\/media?parent=330"}],"curies":[{"name":"wp","href":"https:\/\/api.w.org\/{rel}","templated":true}]}}