{"id":1039,"date":"2026-02-03T17:31:18","date_gmt":"2026-02-03T22:31:18","guid":{"rendered":"https:\/\/pabsp.com\/anagardeazabal\/?post_type=product&#038;p=1039"},"modified":"2026-02-04T18:18:19","modified_gmt":"2026-02-04T23:18:19","slug":"anillo-antiansiedad","status":"publish","type":"product","link":"https:\/\/pabsp.com\/anagardeazabal\/producto\/anillo-antiansiedad\/","title":{"rendered":"Anillo AntiAnsiedad"},"content":{"rendered":"<h3 data-path-to-node=\"4\">Detalles del Producto:<\/h3>\n<ul data-path-to-node=\"5\">\n<li>\n<p data-path-to-node=\"5,0,0\"><b data-path-to-node=\"5,0,0\" data-index-in-node=\"0\">Material:<\/b> Plata de ley con acabado pulido de alta calidad.<\/p>\n<\/li>\n<li>\n<p data-path-to-node=\"5,1,0\"><b data-path-to-node=\"5,1,0\" data-index-in-node=\"0\">Mecanismo:<\/b> Cuenta con una banda giratoria o cuentas m\u00f3viles que se desplazan fluidamente sobre el eje del anillo.<\/p>\n<\/li>\n<li>\n<p data-path-to-node=\"5,2,0\"><b data-path-to-node=\"5,2,0\" data-index-in-node=\"0\">Dise\u00f1o:<\/b> Minimalista y ergon\u00f3mico, pensado para un movimiento silencioso y satisfactorio al tacto.<\/p>\n<\/li>\n<li>\n<p data-path-to-node=\"5,3,0\"><b data-path-to-node=\"5,3,0\" data-index-in-node=\"0\">Acabado:<\/b> Bordes redondeados para garantizar la m\u00e1xima comodidad, permitiendo que lo uses durante todo el d\u00eda sin molestias.<\/p>\n<\/li>\n<\/ul>\n<h3 data-path-to-node=\"6\">Por qu\u00e9 elegir esta pieza:<\/h3>\n<p data-path-to-node=\"7\">Es la herramienta perfecta para quienes buscan una forma sutil de manejar la ansiedad sin sacrificar el estilo. A diferencia de otros objetos anti-estr\u00e9s, este anillo luce como una joya de alta gama. Es ideal para esos momentos de espera, reuniones importantes o simplemente cuando necesitas un punto de enfoque para relajar la mente.<\/p>\n<blockquote data-path-to-node=\"8\">\n<p data-path-to-node=\"8,0\"><b data-path-to-node=\"8,0\" data-index-in-node=\"0\">Ideal para:<\/b> Estudiantes, profesionales con jornadas intensas y cualquier persona que busque una ayuda externa para mantener la calma y la serenidad con un toque de distinci\u00f3n.<\/p>\n<\/blockquote>\n","protected":false},"excerpt":{"rendered":"<p>Encuentra un momento de paz en medio de la rutina con nuestro <b data-path-to-node=\"3\" data-index-in-node=\"62\">Anillo Anti-Ansiedad<\/b>. Dise\u00f1ado para ser mucho m\u00e1s que un accesorio est\u00e9tico, esta pieza cuenta con elementos m\u00f3viles que puedes girar suavemente, ayud\u00e1ndote a canalizar el estr\u00e9s, mejorar la concentraci\u00f3n y reducir la inquietud de manera discreta y elegante.<\/p>\n","protected":false},"featured_media":1043,"template":"","meta":{"site-sidebar-layout":"default","site-content-layout":"default","ast-site-content-layout":"default","site-content-style":"default","site-sidebar-style":"default","ast-global-header-display":"","ast-banner-title-visibility":"","ast-main-header-display":"","ast-hfb-above-header-display":"","ast-hfb-below-header-display":"","ast-hfb-mobile-header-display":"","site-post-title":"","ast-breadcrumbs-content":"","ast-featured-img":"","footer-sml-layout":"","ast-disable-related-posts":"","theme-transparent-header-meta":"default","adv-header-id-meta":"","stick-header-meta":"","header-above-stick-meta":"","header-main-stick-meta":"","header-below-stick-meta":"","astra-migrate-meta-layouts":"set","ast-page-background-enabled":"default","ast-page-background-meta":{"desktop":{"background-color":"var(--ast-global-color-4)","background-image":"","background-repeat":"repeat","background-position":"center center","background-size":"auto","background-attachment":"scroll","background-type":"","background-media":"","overlay-type":"","overlay-color":"","overlay-opacity":"","overlay-gradient":""},"tablet":{"background-color":"","background-image":"","background-repeat":"repeat","background-position":"center center","background-size":"auto","background-attachment":"scroll","background-type":"","background-media":"","overlay-type":"","overlay-color":"","overlay-opacity":"","overlay-gradient":""},"mobile":{"background-color":"","background-image":"","background-repeat":"repeat","background-position":"center center","background-size":"auto","background-attachment":"scroll","background-type":"","background-media":"","overlay-type":"","overlay-color":"","overlay-opacity":"","overlay-gradient":""}},"ast-content-background-meta":{"desktop":{"background-color":"var(--ast-global-color-5)","background-image":"","background-repeat":"repeat","background-position":"center center","background-size":"auto","background-attachment":"scroll","background-type":"","background-media":"","overlay-type":"","overlay-color":"","overlay-opacity":"","overlay-gradient":""},"tablet":{"background-color":"var(--ast-global-color-5)","background-image":"","background-repeat":"repeat","background-position":"center center","background-size":"auto","background-attachment":"scroll","background-type":"","background-media":"","overlay-type":"","overlay-color":"","overlay-opacity":"","overlay-gradient":""},"mobile":{"background-color":"var(--ast-global-color-5)","background-image":"","background-repeat":"repeat","background-position":"center center","background-size":"auto","background-attachment":"scroll","background-type":"","background-media":"","overlay-type":"","overlay-color":"","overlay-opacity":"","overlay-gradient":""}}},"product_brand":[],"product_cat":[27],"product_tag":[],"class_list":{"0":"post-1039","1":"product","2":"type-product","3":"status-publish","4":"has-post-thumbnail","6":"product_cat-anillos","7":"desktop-align-left","8":"tablet-align-left","9":"mobile-align-left","11":"first","12":"instock","13":"shipping-taxable","14":"purchasable","15":"product-type-variable"},"_links":{"self":[{"href":"https:\/\/pabsp.com\/anagardeazabal\/wp-json\/wp\/v2\/product\/1039","targetHints":{"allow":["GET"]}}],"collection":[{"href":"https:\/\/pabsp.com\/anagardeazabal\/wp-json\/wp\/v2\/product"}],"about":[{"href":"https:\/\/pabsp.com\/anagardeazabal\/wp-json\/wp\/v2\/types\/product"}],"wp:featuredmedia":[{"embeddable":true,"href":"https:\/\/pabsp.com\/anagardeazabal\/wp-json\/wp\/v2\/media\/1043"}],"wp:attachment":[{"href":"https:\/\/pabsp.com\/anagardeazabal\/wp-json\/wp\/v2\/media?parent=1039"}],"wp:term":[{"taxonomy":"product_brand","embeddable":true,"href":"https:\/\/pabsp.com\/anagardeazabal\/wp-json\/wp\/v2\/product_brand?post=1039"},{"taxonomy":"product_cat","embeddable":true,"href":"https:\/\/pabsp.com\/anagardeazabal\/wp-json\/wp\/v2\/product_cat?post=1039"},{"taxonomy":"product_tag","embeddable":true,"href":"https:\/\/pabsp.com\/anagardeazabal\/wp-json\/wp\/v2\/product_tag?post=1039"}],"curies":[{"name":"wp","href":"https:\/\/api.w.org\/{rel}","templated":true}]}}