{"id":1057,"date":"2026-02-03T18:29:35","date_gmt":"2026-02-03T23:29:35","guid":{"rendered":"https:\/\/pabsp.com\/anagardeazabal\/?post_type=product&#038;p=1057"},"modified":"2026-02-10T15:55:38","modified_gmt":"2026-02-10T20:55:38","slug":"topos-circones","status":"publish","type":"product","link":"https:\/\/pabsp.com\/anagardeazabal\/producto\/topos-circones\/","title":{"rendered":"Topos circones"},"content":{"rendered":"<h3 data-path-to-node=\"4\">Detalles del Producto:<\/h3>\n<ul data-path-to-node=\"5\">\n<li>\n<p data-path-to-node=\"5,0,0\"><b data-path-to-node=\"5,0,0\" data-index-in-node=\"0\">Material:<\/b> Plata de ley con recubrimiento de protecci\u00f3n para un brillo duradero. Tama\u00f1o 1cm.<\/p>\n<\/li>\n<li>\n<p data-path-to-node=\"5,1,0\"><b data-path-to-node=\"5,1,0\" data-index-in-node=\"0\">Piedra:<\/b> Circones suizos de corte brillante, seleccionados por su transparencia y capacidad de reflejar la luz.<\/p>\n<\/li>\n<li>\n<p data-path-to-node=\"5,2,0\"><b data-path-to-node=\"5,2,0\" data-index-in-node=\"0\">Montura:<\/b> Engaste de garras (u\u00f1as) que permite que la luz entre por todos los \u00e1ngulos de la piedra, maximizando su resplandor.<\/p>\n<\/li>\n<li>\n<p data-path-to-node=\"5,3,0\"><b data-path-to-node=\"5,3,0\" data-index-in-node=\"0\">Cierre:<\/b> Sistema de mariposa que garantiza seguridad y comodidad total.<\/p>\n<\/li>\n<\/ul>\n<h3 data-path-to-node=\"6\">Por qu\u00e9 elegir esta pieza:<\/h3>\n<p data-path-to-node=\"7\">Los topos con circones son la joya m\u00e1s vers\u00e1til que puedes tener. Su tama\u00f1o equilibrado los hace perfectos tanto para ni\u00f1as como para adultos, y son la opci\u00f3n ideal para el segundo o tercer agujero del l\u00f3bulo. Es esa pieza \u00abtodoterreno\u00bb que te hace lucir arreglada desde que despiertas hasta que termina el d\u00eda, aportando un brillo sofisticado sin esfuerzo.<\/p>\n<blockquote data-path-to-node=\"8\">\n<p data-path-to-node=\"8,0\"><b data-path-to-node=\"8,0\" data-index-in-node=\"0\">Ideal para:<\/b> Uso diario, regalos de cumplea\u00f1os, o como el complemento perfecto para novias y eventos formales que buscan un detalle sutil pero luminoso.<\/p>\n<\/blockquote>\n","protected":false},"excerpt":{"rendered":"<p>Dale un toque de luz eterna a tu mirada con nuestros <b data-path-to-node=\"3\" data-index-in-node=\"53\">Topos de Circones<\/b>. Estas piezas son la definici\u00f3n de elegancia discreta; un b\u00e1sico imprescindible que combina la pureza de la plata con el destello inconfundible de los circones de alta calidad, creando un efecto similar al diamante.<\/p>\n","protected":false},"featured_media":1058,"template":"","meta":{"site-sidebar-layout":"default","site-content-layout":"default","ast-site-content-layout":"default","site-content-style":"default","site-sidebar-style":"default","ast-global-header-display":"","ast-banner-title-visibility":"","ast-main-header-display":"","ast-hfb-above-header-display":"","ast-hfb-below-header-display":"","ast-hfb-mobile-header-display":"","site-post-title":"","ast-breadcrumbs-content":"","ast-featured-img":"","footer-sml-layout":"","ast-disable-related-posts":"","theme-transparent-header-meta":"default","adv-header-id-meta":"","stick-header-meta":"","header-above-stick-meta":"","header-main-stick-meta":"","header-below-stick-meta":"","astra-migrate-meta-layouts":"set","ast-page-background-enabled":"default","ast-page-background-meta":{"desktop":{"background-color":"var(--ast-global-color-4)","background-image":"","background-repeat":"repeat","background-position":"center center","background-size":"auto","background-attachment":"scroll","background-type":"","background-media":"","overlay-type":"","overlay-color":"","overlay-opacity":"","overlay-gradient":""},"tablet":{"background-color":"","background-image":"","background-repeat":"repeat","background-position":"center center","background-size":"auto","background-attachment":"scroll","background-type":"","background-media":"","overlay-type":"","overlay-color":"","overlay-opacity":"","overlay-gradient":""},"mobile":{"background-color":"","background-image":"","background-repeat":"repeat","background-position":"center center","background-size":"auto","background-attachment":"scroll","background-type":"","background-media":"","overlay-type":"","overlay-color":"","overlay-opacity":"","overlay-gradient":""}},"ast-content-background-meta":{"desktop":{"background-color":"var(--ast-global-color-5)","background-image":"","background-repeat":"repeat","background-position":"center center","background-size":"auto","background-attachment":"scroll","background-type":"","background-media":"","overlay-type":"","overlay-color":"","overlay-opacity":"","overlay-gradient":""},"tablet":{"background-color":"var(--ast-global-color-5)","background-image":"","background-repeat":"repeat","background-position":"center center","background-size":"auto","background-attachment":"scroll","background-type":"","background-media":"","overlay-type":"","overlay-color":"","overlay-opacity":"","overlay-gradient":""},"mobile":{"background-color":"var(--ast-global-color-5)","background-image":"","background-repeat":"repeat","background-position":"center center","background-size":"auto","background-attachment":"scroll","background-type":"","background-media":"","overlay-type":"","overlay-color":"","overlay-opacity":"","overlay-gradient":""}}},"product_brand":[],"product_cat":[28,45],"product_tag":[],"class_list":{"0":"post-1057","1":"product","2":"type-product","3":"status-publish","4":"has-post-thumbnail","6":"product_cat-aretes","7":"product_cat-topos","8":"desktop-align-left","9":"tablet-align-left","10":"mobile-align-left","12":"first","13":"instock","14":"shipping-taxable","15":"purchasable","16":"product-type-simple"},"_links":{"self":[{"href":"https:\/\/pabsp.com\/anagardeazabal\/wp-json\/wp\/v2\/product\/1057","targetHints":{"allow":["GET"]}}],"collection":[{"href":"https:\/\/pabsp.com\/anagardeazabal\/wp-json\/wp\/v2\/product"}],"about":[{"href":"https:\/\/pabsp.com\/anagardeazabal\/wp-json\/wp\/v2\/types\/product"}],"wp:featuredmedia":[{"embeddable":true,"href":"https:\/\/pabsp.com\/anagardeazabal\/wp-json\/wp\/v2\/media\/1058"}],"wp:attachment":[{"href":"https:\/\/pabsp.com\/anagardeazabal\/wp-json\/wp\/v2\/media?parent=1057"}],"wp:term":[{"taxonomy":"product_brand","embeddable":true,"href":"https:\/\/pabsp.com\/anagardeazabal\/wp-json\/wp\/v2\/product_brand?post=1057"},{"taxonomy":"product_cat","embeddable":true,"href":"https:\/\/pabsp.com\/anagardeazabal\/wp-json\/wp\/v2\/product_cat?post=1057"},{"taxonomy":"product_tag","embeddable":true,"href":"https:\/\/pabsp.com\/anagardeazabal\/wp-json\/wp\/v2\/product_tag?post=1057"}],"curies":[{"name":"wp","href":"https:\/\/api.w.org\/{rel}","templated":true}]}}