{"id":948,"date":"2025-05-15T10:07:23","date_gmt":"2025-05-15T15:07:23","guid":{"rendered":"https:\/\/pabsp.com\/anagardeazabal\/?post_type=product&#038;p=948"},"modified":"2026-02-10T16:19:20","modified_gmt":"2026-02-10T21:19:20","slug":"aretes-granitos-de-cafe","status":"publish","type":"product","link":"https:\/\/pabsp.com\/anagardeazabal\/producto\/aretes-granitos-de-cafe\/","title":{"rendered":"Aretes granitos de Caf\u00e9"},"content":{"rendered":"<h3 data-path-to-node=\"4\">Detalles del Producto:<\/h3>\n<ul data-path-to-node=\"5\">\n<li>\n<p data-path-to-node=\"5,0,0\"><b data-path-to-node=\"5,0,0\" data-index-in-node=\"0\">Material:<\/b> Plata de ley maciza, garantizando una pieza duradera, resistente y de alta calidad.<\/p>\n<\/li>\n<li>\n<p data-path-to-node=\"5,1,0\"><b data-path-to-node=\"5,1,0\" data-index-in-node=\"0\"><span class=\"citation-14\">Dise\u00f1o:<\/span><\/b><span class=\"citation-14 citation-end-14\"> R\u00e9plica realista de un grano de caf\u00e9, con su distintiva ranura central y formas redondeadas que imitan a la perfecci\u00f3n el grano natural.<\/span><\/p>\n<\/li>\n<li>\n<p data-path-to-node=\"5,3,0\"><b data-path-to-node=\"5,3,0\" data-index-in-node=\"0\">Sistema de Cierre:<\/b> Poste con tuerca de mariposa reforzada para un ajuste c\u00f3modo y seguro durante todo el d\u00eda.<\/p>\n<\/li>\n<\/ul>\n<h3 data-path-to-node=\"6\">Por qu\u00e9 elegir esta pieza:<\/h3>\n<p data-path-to-node=\"7\">Al ser de <b data-path-to-node=\"7\" data-index-in-node=\"10\">plata maciza<\/b>, estos aretes tienen la consistencia ideal de una joya fina sin resultar pesados en el l\u00f3bulo. Son el detalle sutil pero poderoso para quienes desean llevar un s\u00edmbolo de nuestra cultura cafetera de una manera sofisticada. Su dise\u00f1o minimalista y org\u00e1nico combina con cualquier estilo, desde un atuendo profesional hasta un look casual de fin de semana.<\/p>\n<blockquote data-path-to-node=\"8\">\n<p data-path-to-node=\"8,0\"><b data-path-to-node=\"8,0\" data-index-in-node=\"0\">Ideal para:<\/b> Quienes ya tienen la pulsera de grano de caf\u00e9 y quieren completar el conjunto, o como un regalo inolvidable para alguien que lleva el caf\u00e9 en el coraz\u00f3n.<\/p>\n<\/blockquote>\n","protected":false},"excerpt":{"rendered":"<p>El complemento perfecto para los amantes de nuestra tradici\u00f3n. <span class=\"citation-15\">Estos <\/span><b data-path-to-node=\"3\" data-index-in-node=\"69\"><span class=\"citation-15\">Pendientes de Grano de Caf\u00e9<\/span><\/b><span class=\"citation-15 citation-end-15\"> son una pieza de joyer\u00eda artesanal que celebra la esencia de nuestra tierra, capturando la forma ic\u00f3nica del fruto en plata pura para crear un accesorio con identidad y elegancia.<\/span><\/p>\n","protected":false},"featured_media":949,"template":"","meta":{"site-sidebar-layout":"default","site-content-layout":"default","ast-site-content-layout":"default","site-content-style":"default","site-sidebar-style":"default","ast-global-header-display":"","ast-banner-title-visibility":"","ast-main-header-display":"","ast-hfb-above-header-display":"","ast-hfb-below-header-display":"","ast-hfb-mobile-header-display":"","site-post-title":"","ast-breadcrumbs-content":"","ast-featured-img":"","footer-sml-layout":"","ast-disable-related-posts":"","theme-transparent-header-meta":"default","adv-header-id-meta":"","stick-header-meta":"","header-above-stick-meta":"","header-main-stick-meta":"","header-below-stick-meta":"","astra-migrate-meta-layouts":"set","ast-page-background-enabled":"default","ast-page-background-meta":{"desktop":{"background-color":"var(--ast-global-color-4)","background-image":"","background-repeat":"repeat","background-position":"center center","background-size":"auto","background-attachment":"scroll","background-type":"","background-media":"","overlay-type":"","overlay-color":"","overlay-opacity":"","overlay-gradient":""},"tablet":{"background-color":"","background-image":"","background-repeat":"repeat","background-position":"center center","background-size":"auto","background-attachment":"scroll","background-type":"","background-media":"","overlay-type":"","overlay-color":"","overlay-opacity":"","overlay-gradient":""},"mobile":{"background-color":"","background-image":"","background-repeat":"repeat","background-position":"center center","background-size":"auto","background-attachment":"scroll","background-type":"","background-media":"","overlay-type":"","overlay-color":"","overlay-opacity":"","overlay-gradient":""}},"ast-content-background-meta":{"desktop":{"background-color":"var(--ast-global-color-5)","background-image":"","background-repeat":"repeat","background-position":"center center","background-size":"auto","background-attachment":"scroll","background-type":"","background-media":"","overlay-type":"","overlay-color":"","overlay-opacity":"","overlay-gradient":""},"tablet":{"background-color":"var(--ast-global-color-5)","background-image":"","background-repeat":"repeat","background-position":"center center","background-size":"auto","background-attachment":"scroll","background-type":"","background-media":"","overlay-type":"","overlay-color":"","overlay-opacity":"","overlay-gradient":""},"mobile":{"background-color":"var(--ast-global-color-5)","background-image":"","background-repeat":"repeat","background-position":"center center","background-size":"auto","background-attachment":"scroll","background-type":"","background-media":"","overlay-type":"","overlay-color":"","overlay-opacity":"","overlay-gradient":""}}},"product_brand":[],"product_cat":[28,45],"product_tag":[],"class_list":{"0":"post-948","1":"product","2":"type-product","3":"status-publish","4":"has-post-thumbnail","6":"product_cat-aretes","7":"product_cat-topos","8":"desktop-align-left","9":"tablet-align-left","10":"mobile-align-left","12":"first","13":"instock","14":"shipping-taxable","15":"purchasable","16":"product-type-simple"},"_links":{"self":[{"href":"https:\/\/pabsp.com\/anagardeazabal\/wp-json\/wp\/v2\/product\/948","targetHints":{"allow":["GET"]}}],"collection":[{"href":"https:\/\/pabsp.com\/anagardeazabal\/wp-json\/wp\/v2\/product"}],"about":[{"href":"https:\/\/pabsp.com\/anagardeazabal\/wp-json\/wp\/v2\/types\/product"}],"wp:featuredmedia":[{"embeddable":true,"href":"https:\/\/pabsp.com\/anagardeazabal\/wp-json\/wp\/v2\/media\/949"}],"wp:attachment":[{"href":"https:\/\/pabsp.com\/anagardeazabal\/wp-json\/wp\/v2\/media?parent=948"}],"wp:term":[{"taxonomy":"product_brand","embeddable":true,"href":"https:\/\/pabsp.com\/anagardeazabal\/wp-json\/wp\/v2\/product_brand?post=948"},{"taxonomy":"product_cat","embeddable":true,"href":"https:\/\/pabsp.com\/anagardeazabal\/wp-json\/wp\/v2\/product_cat?post=948"},{"taxonomy":"product_tag","embeddable":true,"href":"https:\/\/pabsp.com\/anagardeazabal\/wp-json\/wp\/v2\/product_tag?post=948"}],"curies":[{"name":"wp","href":"https:\/\/api.w.org\/{rel}","templated":true}]}}