{"id":973,"date":"2026-01-22T18:18:40","date_gmt":"2026-01-22T23:18:40","guid":{"rendered":"https:\/\/pabsp.com\/anagardeazabal\/?post_type=product&#038;p=973"},"modified":"2026-02-04T18:47:07","modified_gmt":"2026-02-04T23:47:07","slug":"anillo-flor-2","status":"publish","type":"product","link":"https:\/\/pabsp.com\/anagardeazabal\/producto\/anillo-flor-2\/","title":{"rendered":"Anillo flor"},"content":{"rendered":"<h3 data-path-to-node=\"4\">Detalles del Producto:<\/h3>\n<ul data-path-to-node=\"5\">\n<li>\n<p data-path-to-node=\"5,0,0\"><b data-path-to-node=\"5,0,0\" data-index-in-node=\"0\">Material:<\/b> Plata de ley con acabados que combinan el pulido brillante con texturas sutiles. \u00danica pieza talla 8.<\/p>\n<\/li>\n<li>\n<p data-path-to-node=\"5,1,0\"><b data-path-to-node=\"5,1,0\" data-index-in-node=\"0\">Dise\u00f1o:<\/b> Una flor central compuesta por p\u00e9talos de diversos tama\u00f1os y formas asim\u00e9tricas, creando un efecto visual din\u00e1mico y art\u00edstico.<\/p>\n<\/li>\n<li>\n<p data-path-to-node=\"5,2,0\"><b data-path-to-node=\"5,2,0\" data-index-in-node=\"0\">Detalle Central:<\/b> Coraz\u00f3n de la flor con relieve, dise\u00f1ado para captar la luz y dar profundidad a la pieza.<\/p>\n<\/li>\n<li>\n<p data-path-to-node=\"5,3,0\"><b data-path-to-node=\"5,3,0\" data-index-in-node=\"0\">Banda:<\/b> Estructura s\u00f3lida pero delicada, dise\u00f1ada para sostener la flor de manera c\u00f3moda y segura sobre el dedo.<\/p>\n<\/li>\n<\/ul>\n<h3 data-path-to-node=\"6\">Por qu\u00e9 elegir esta pieza:<\/h3>\n<p data-path-to-node=\"7\">Este anillo es una verdadera declaraci\u00f3n de estilo. Al evitar la perfecci\u00f3n geom\u00e9trica, la pieza adquiere un aire artesanal y exclusivo, como si hubiera sido modelada directamente de la naturaleza. Es el accesorio perfecto para romper con la monoton\u00eda de los accesorios b\u00e1sicos y a\u00f1adir un toque de frescura y originalidad a tus manos. Su dise\u00f1o de \u00abflor abierta\u00bb estiliza los dedos y aporta una elegancia natural sin esfuerzo.<\/p>\n<blockquote data-path-to-node=\"8\">\n<p data-path-to-node=\"8,0\"><b data-path-to-node=\"8,0\" data-index-in-node=\"0\">Ideal para:<\/b> Amantes del arte, esp\u00edritus libres y mujeres que buscan joyer\u00eda que cuente una historia de originalidad y amor por lo natural.<\/p>\n<\/blockquote>\n","protected":false},"excerpt":{"rendered":"<p>Esta pieza se aleja de la simetr\u00eda tradicional para ofrecer un dise\u00f1o inspirado en la naturaleza real, donde cada p\u00e9talo tiene su propia personalidad y movimiento. Es una joya con car\u00e1cter que celebra la autenticidad y el estilo bohemio. \u00danica pieza talla8<\/p>\n","protected":false},"featured_media":961,"template":"","meta":{"site-sidebar-layout":"default","site-content-layout":"default","ast-site-content-layout":"default","site-content-style":"default","site-sidebar-style":"default","ast-global-header-display":"","ast-banner-title-visibility":"","ast-main-header-display":"","ast-hfb-above-header-display":"","ast-hfb-below-header-display":"","ast-hfb-mobile-header-display":"","site-post-title":"","ast-breadcrumbs-content":"","ast-featured-img":"","footer-sml-layout":"","ast-disable-related-posts":"","theme-transparent-header-meta":"default","adv-header-id-meta":"","stick-header-meta":"","header-above-stick-meta":"","header-main-stick-meta":"","header-below-stick-meta":"","astra-migrate-meta-layouts":"set","ast-page-background-enabled":"default","ast-page-background-meta":{"desktop":{"background-color":"var(--ast-global-color-4)","background-image":"","background-repeat":"repeat","background-position":"center center","background-size":"auto","background-attachment":"scroll","background-type":"","background-media":"","overlay-type":"","overlay-color":"","overlay-opacity":"","overlay-gradient":""},"tablet":{"background-color":"","background-image":"","background-repeat":"repeat","background-position":"center center","background-size":"auto","background-attachment":"scroll","background-type":"","background-media":"","overlay-type":"","overlay-color":"","overlay-opacity":"","overlay-gradient":""},"mobile":{"background-color":"","background-image":"","background-repeat":"repeat","background-position":"center center","background-size":"auto","background-attachment":"scroll","background-type":"","background-media":"","overlay-type":"","overlay-color":"","overlay-opacity":"","overlay-gradient":""}},"ast-content-background-meta":{"desktop":{"background-color":"var(--ast-global-color-5)","background-image":"","background-repeat":"repeat","background-position":"center center","background-size":"auto","background-attachment":"scroll","background-type":"","background-media":"","overlay-type":"","overlay-color":"","overlay-opacity":"","overlay-gradient":""},"tablet":{"background-color":"var(--ast-global-color-5)","background-image":"","background-repeat":"repeat","background-position":"center center","background-size":"auto","background-attachment":"scroll","background-type":"","background-media":"","overlay-type":"","overlay-color":"","overlay-opacity":"","overlay-gradient":""},"mobile":{"background-color":"var(--ast-global-color-5)","background-image":"","background-repeat":"repeat","background-position":"center center","background-size":"auto","background-attachment":"scroll","background-type":"","background-media":"","overlay-type":"","overlay-color":"","overlay-opacity":"","overlay-gradient":""}}},"product_brand":[],"product_cat":[27],"product_tag":[],"class_list":{"0":"post-973","1":"product","2":"type-product","3":"status-publish","4":"has-post-thumbnail","6":"product_cat-anillos","7":"desktop-align-left","8":"tablet-align-left","9":"mobile-align-left","11":"first","12":"instock","13":"shipping-taxable","14":"purchasable","15":"product-type-simple"},"_links":{"self":[{"href":"https:\/\/pabsp.com\/anagardeazabal\/wp-json\/wp\/v2\/product\/973","targetHints":{"allow":["GET"]}}],"collection":[{"href":"https:\/\/pabsp.com\/anagardeazabal\/wp-json\/wp\/v2\/product"}],"about":[{"href":"https:\/\/pabsp.com\/anagardeazabal\/wp-json\/wp\/v2\/types\/product"}],"wp:featuredmedia":[{"embeddable":true,"href":"https:\/\/pabsp.com\/anagardeazabal\/wp-json\/wp\/v2\/media\/961"}],"wp:attachment":[{"href":"https:\/\/pabsp.com\/anagardeazabal\/wp-json\/wp\/v2\/media?parent=973"}],"wp:term":[{"taxonomy":"product_brand","embeddable":true,"href":"https:\/\/pabsp.com\/anagardeazabal\/wp-json\/wp\/v2\/product_brand?post=973"},{"taxonomy":"product_cat","embeddable":true,"href":"https:\/\/pabsp.com\/anagardeazabal\/wp-json\/wp\/v2\/product_cat?post=973"},{"taxonomy":"product_tag","embeddable":true,"href":"https:\/\/pabsp.com\/anagardeazabal\/wp-json\/wp\/v2\/product_tag?post=973"}],"curies":[{"name":"wp","href":"https:\/\/api.w.org\/{rel}","templated":true}]}}