{"id":990,"date":"2026-01-22T18:56:35","date_gmt":"2026-01-22T23:56:35","guid":{"rendered":"https:\/\/pabsp.com\/anagardeazabal\/?post_type=product&#038;p=990"},"modified":"2026-02-10T15:43:09","modified_gmt":"2026-02-10T20:43:09","slug":"candongas-entorchadas","status":"publish","type":"product","link":"https:\/\/pabsp.com\/anagardeazabal\/producto\/candongas-entorchadas\/","title":{"rendered":"Candongas Entorchadas"},"content":{"rendered":"<h3 data-path-to-node=\"4\">Detalles del Producto:<\/h3>\n<ul data-path-to-node=\"5\">\n<li>\n<p data-path-to-node=\"5,0,0\"><b data-path-to-node=\"5,0,0\" data-index-in-node=\"0\">Material:<\/b> Plata de ley con acabado pulido de alta intensidad.<\/p>\n<\/li>\n<li>\n<p data-path-to-node=\"5,1,0\"><b data-path-to-node=\"5,1,0\" data-index-in-node=\"0\">Dise\u00f1o:<\/b> Estructura entorchada que crea un juego de luces y sombras \u00fanico con cada movimiento.<\/p>\n<\/li>\n<li>\n<p data-path-to-node=\"5,2,0\"><b data-path-to-node=\"5,2,0\" data-index-in-node=\"0\">Acabado:<\/b> Texturizado a mano, garantizando una pieza con relieve definido y tacto sofisticado.<\/p>\n<\/li>\n<li>\n<p data-path-to-node=\"5,3,0\"><b data-path-to-node=\"5,3,0\" data-index-in-node=\"0\">Versatilidad:<\/b> Un dise\u00f1o atemporal que combina la fuerza del metal con la delicadeza del tejido visual.<\/p>\n<\/li>\n<\/ul>\n<h3 data-path-to-node=\"6\">Por qu\u00e9 elegir esta pieza:<\/h3>\n<p data-path-to-node=\"7\">A diferencia de las candongas tradicionales, el dise\u00f1o entorchado aporta un volumen visual mucho m\u00e1s interesante sin a\u00f1adir peso innecesario. Son pendientes que comunican elegancia y atenci\u00f3n al detalle. Su estilo bohemio-chic las hace ideales tanto para un look relajado de fin de semana como para complementar un atuendo m\u00e1s elaborado.<\/p>\n<blockquote data-path-to-node=\"8\">\n<p data-path-to-node=\"8,0\"><b data-path-to-node=\"8,0\" data-index-in-node=\"0\">Ideal para:<\/b> Amantes de la joyer\u00eda con texturas, quienes buscan un estilo cl\u00e1sico pero con un toque diferenciador y artesanal.<\/p>\n<\/blockquote>\n<p><strong><b>Dimensiones<\/b>:<\/strong> 3 cm de Di\u00e1metro<\/p>\n","protected":false},"excerpt":{"rendered":"<p>Descubre la belleza de los detalles con nuestras <b data-path-to-node=\"3\" data-index-in-node=\"49\">Candongas Entorchadas<\/b>. Esta pieza destaca por su exquisito dise\u00f1o de cord\u00f3n trenzado, que a\u00f1ade una textura rica y un brillo multidimensional a un cl\u00e1sico de la joyer\u00eda. Es la elecci\u00f3n perfecta para quienes buscan un accesorio con car\u00e1cter y esencia artesanal.<\/p>\n","protected":false},"featured_media":992,"template":"","meta":{"site-sidebar-layout":"default","site-content-layout":"default","ast-site-content-layout":"default","site-content-style":"default","site-sidebar-style":"default","ast-global-header-display":"","ast-banner-title-visibility":"","ast-main-header-display":"","ast-hfb-above-header-display":"","ast-hfb-below-header-display":"","ast-hfb-mobile-header-display":"","site-post-title":"","ast-breadcrumbs-content":"","ast-featured-img":"","footer-sml-layout":"","ast-disable-related-posts":"","theme-transparent-header-meta":"default","adv-header-id-meta":"","stick-header-meta":"","header-above-stick-meta":"","header-main-stick-meta":"","header-below-stick-meta":"","astra-migrate-meta-layouts":"set","ast-page-background-enabled":"default","ast-page-background-meta":{"desktop":{"background-color":"var(--ast-global-color-4)","background-image":"","background-repeat":"repeat","background-position":"center center","background-size":"auto","background-attachment":"scroll","background-type":"","background-media":"","overlay-type":"","overlay-color":"","overlay-opacity":"","overlay-gradient":""},"tablet":{"background-color":"","background-image":"","background-repeat":"repeat","background-position":"center center","background-size":"auto","background-attachment":"scroll","background-type":"","background-media":"","overlay-type":"","overlay-color":"","overlay-opacity":"","overlay-gradient":""},"mobile":{"background-color":"","background-image":"","background-repeat":"repeat","background-position":"center center","background-size":"auto","background-attachment":"scroll","background-type":"","background-media":"","overlay-type":"","overlay-color":"","overlay-opacity":"","overlay-gradient":""}},"ast-content-background-meta":{"desktop":{"background-color":"var(--ast-global-color-5)","background-image":"","background-repeat":"repeat","background-position":"center center","background-size":"auto","background-attachment":"scroll","background-type":"","background-media":"","overlay-type":"","overlay-color":"","overlay-opacity":"","overlay-gradient":""},"tablet":{"background-color":"var(--ast-global-color-5)","background-image":"","background-repeat":"repeat","background-position":"center center","background-size":"auto","background-attachment":"scroll","background-type":"","background-media":"","overlay-type":"","overlay-color":"","overlay-opacity":"","overlay-gradient":""},"mobile":{"background-color":"var(--ast-global-color-5)","background-image":"","background-repeat":"repeat","background-position":"center center","background-size":"auto","background-attachment":"scroll","background-type":"","background-media":"","overlay-type":"","overlay-color":"","overlay-opacity":"","overlay-gradient":""}}},"product_brand":[],"product_cat":[28,43],"product_tag":[],"class_list":{"0":"post-990","1":"product","2":"type-product","3":"status-publish","4":"has-post-thumbnail","6":"product_cat-aretes","7":"product_cat-candongas","8":"desktop-align-left","9":"tablet-align-left","10":"mobile-align-left","12":"first","13":"instock","14":"shipping-taxable","15":"purchasable","16":"product-type-simple"},"_links":{"self":[{"href":"https:\/\/pabsp.com\/anagardeazabal\/wp-json\/wp\/v2\/product\/990","targetHints":{"allow":["GET"]}}],"collection":[{"href":"https:\/\/pabsp.com\/anagardeazabal\/wp-json\/wp\/v2\/product"}],"about":[{"href":"https:\/\/pabsp.com\/anagardeazabal\/wp-json\/wp\/v2\/types\/product"}],"wp:featuredmedia":[{"embeddable":true,"href":"https:\/\/pabsp.com\/anagardeazabal\/wp-json\/wp\/v2\/media\/992"}],"wp:attachment":[{"href":"https:\/\/pabsp.com\/anagardeazabal\/wp-json\/wp\/v2\/media?parent=990"}],"wp:term":[{"taxonomy":"product_brand","embeddable":true,"href":"https:\/\/pabsp.com\/anagardeazabal\/wp-json\/wp\/v2\/product_brand?post=990"},{"taxonomy":"product_cat","embeddable":true,"href":"https:\/\/pabsp.com\/anagardeazabal\/wp-json\/wp\/v2\/product_cat?post=990"},{"taxonomy":"product_tag","embeddable":true,"href":"https:\/\/pabsp.com\/anagardeazabal\/wp-json\/wp\/v2\/product_tag?post=990"}],"curies":[{"name":"wp","href":"https:\/\/api.w.org\/{rel}","templated":true}]}}